{"id":3190,"date":"2022-08-28T01:21:56","date_gmt":"2022-08-27T22:21:56","guid":{"rendered":"https:\/\/elitdismerkezi.com\/test\/?page_id=3190"},"modified":"2022-09-01T01:17:30","modified_gmt":"2022-08-31T22:17:30","slug":"dental-turizm","status":"publish","type":"page","link":"https:\/\/elitdismerkezi.com\/en\/dental-turizm\/","title":{"rendered":"Dental Turizm"},"content":{"rendered":"<p><\/p>\n<p>[vc_row full_width=&#8221;stretch_row&#8221; background_color=&#8221;custom&#8221; lg_spacing=&#8221;padding_top:100;padding_bottom:100&#8243;][vc_column][tm_heading custom_google_font=&#8221;&#8221; text=&#8221;Sa\u011fl\u0131k Turizmi&#8221; font_size=&#8221;sm:36;lg:32&#8243;][tm_spacer size=&#8221;lg:20&#8243;][tm_heading tag=&#8221;div&#8221; custom_google_font=&#8221;&#8221; text=&#8221;Sa\u011fl\u0131k turizmi, ki\u015filerin sa\u011fl\u0131klar\u0131na kavu\u015fmak amac\u0131yla yapt\u0131klar\u0131 seyahatlerdir. D\u00fcnyada geli\u015fmekte olan tedavi uygulamalar\u0131 ile bilimsel yay\u0131nlar\u0131 yak\u0131ndan takip edip; \u00e7a\u011fa uygun ekipmanlar\u0131 ve uzman hekim kadrosu ile yurti\u00e7i-yurtd\u0131\u015f\u0131 hastalar\u0131m\u0131za nitelikli tedavi y\u00f6ntemleri sunmaktay\u0131z. Yurtd\u0131\u015f\u0131 hastalar\u0131m\u0131z\u0131n tedavi beklentilerini genellikle; \u0130mplant, Protez, Estetik G\u00fcl\u00fc\u015f Tasar\u0131m\u0131, Di\u015f Eti Rahats\u0131zl\u0131klar\u0131 ve Beyazlatma Tedavileri y\u00f6n\u00fcnde olmaktad\u0131r. Yapt\u0131\u011f\u0131m\u0131z t\u00fcm tedaviler garantimiz kapsam\u0131nda olmakla birlikte, implant tedavisi i\u00e7in \u00f6m\u00fcr boyu garanti vermekteyiz.&#8221; font_size=&#8221;lg:17&#8243;][tm_spacer size=&#8221;lg:20&#8243;][tm_heading tag=&#8221;div&#8221; custom_google_font=&#8221;&#8221; text=&#8221;\u00dclkemizin son y\u0131llarda kaliteli sa\u011fl\u0131k hizmetleri sunmas\u0131, bir\u00e7ok \u00fclkeye g\u00f6re daha ekonomik tedavi \u00fccretlerinin olmas\u0131 ve sa\u011fl\u0131k teknolojisini Avrupa \u00fclkelerine g\u00f6re daha yak\u0131ndan takip ediyor olmas\u0131, yurtd\u0131\u015f\u0131 hastalar\u0131n\u0131n T\u00fcrkiye\u2019yi se\u00e7mesinde \u00f6ncelikli sebeplerdendir.Ki\u015filerin tercihlerini T\u00fcrkiye y\u00f6n\u00fcnde kullanmas\u0131nda; T\u00fcrkiye\u2019nin do\u011fal ve k\u00fclt\u00fcrel olarak zengin olmas\u0131 ve bir\u00e7ok \u00fclke ile ortak tarihi ge\u00e7mi\u015fe sahip olmas\u0131 \u00f6nemli \u00f6l\u00e7\u00fcde etkilemektedir.&#8221; font_size=&#8221;lg:17&#8243;][tm_spacer size=&#8221;lg:50&#8243;][tm_heading custom_google_font=&#8221;&#8221; text=&#8221;A\u011f\u0131z ve Di\u015f Sa\u011fl\u0131\u011f\u0131 Turizmi Nas\u0131l Yap\u0131l\u0131r?&#8221; font_size=&#8221;sm:36;lg:32&#8243;][tm_spacer size=&#8221;lg:20&#8243;][tm_heading tag=&#8221;div&#8221; custom_google_font=&#8221;&#8221; text=&#8221;\u00d6ncelikle hastam\u0131z\u0131n kendi \u00fclkesinde herhangi bir yerde panoramik r\u00f6ntgen \u00e7ektirmesi ve bunu hekimlerimize e-mail olarak ula\u015ft\u0131rmas\u0131 gerekir. R\u00f6ntgeninizi inceleyerek size te\u015fhis ve tedavi planlaman\u0131z konusunda ilk fiziki muayenede kesinlik kazanacak bir tedavi plan\u0131 haz\u0131rlarlar . Bu planla birlikte size mali tablo ve ortalama tedavi s\u00fcresi hakk\u0131nda da bilgi verilir.&#8221; font_size=&#8221;lg:17&#8243;][tm_spacer size=&#8221;lg:20&#8243;][tm_heading tag=&#8221;div&#8221; custom_google_font=&#8221;&#8221; text=&#8221;Tedaviniz i\u00e7in en uygun tedavi planlamas\u0131, t\u00fcm alternatiflerle birlikte size sunulur. Telefon g\u00f6r\u00fc\u015fmesi veya e-mail yoluyla en uygun olana karar verilir ve randevu tarihi belirlenir. Hekimlerimiz sizin T\u00fcrkiye\u2019de kalma s\u00fcrenize g\u00f6re sizi tedavi hakk\u0131nda y\u00f6nlendirebilir.&#8221; font_size=&#8221;lg:17&#8243;][tm_spacer size=&#8221;lg:20&#8243;][tm_heading tag=&#8221;div&#8221; custom_google_font=&#8221;&#8221; text=&#8221;T\u00fcrkiye\u2019de bu tedavi, konaklama, u\u00e7u\u015f ve sa\u011fl\u0131k i\u015flemleri dahil olmak \u00fczere maliyet olarak Avrupa \u00fclkelerine nazaran \u00e7ok daha uygun yap\u0131labilmektedir. Tedaviye karar verdi\u011finiz anda zaman\u0131n\u0131z\u0131 en iyi \u015fekilde kullanabilmek i\u00e7in T\u00fcrkiye de kalaca\u011f\u0131n\u0131z s\u00fcreyi \u00f6nceden hekimlerimize bildirmeniz ve size verilen randevu saatlerine sad\u0131k kalman\u0131z gerekmektedir. Tedavi s\u00fcresince hekimlerimizin kontrol\u00fc alt\u0131nda tedavinin sonucuna y\u00f6nelik t\u00fcm sorumluluklar\u0131 bilin\u00e7li bir \u015fekilde \u00fcstlenmelisiniz.&#8221; font_size=&#8221;lg:17&#8243;][tm_spacer size=&#8221;lg:60&#8243;][\/vc_column][\/vc_row][vc_row full_width=&#8221;stretch_row&#8221; background_color=&#8221;custom&#8221; lg_spacing=&#8221;padding_top:100;padding_bottom:100&#8243; custom_background_color=&#8221;#f0f4f7&#8243;][vc_column][tm_heading custom_google_font=&#8221;&#8221; align=&#8221;center&#8221; text=&#8221;Tedavilerimiz&#8221; font_size=&#8221;sm:36;lg:42&#8243;][tm_spacer size=&#8221;lg:20&#8243;][tm_heading tag=&#8221;div&#8221; custom_google_font=&#8221;&#8221; align=&#8221;center&#8221; text=&#8221;Klini\u011fimizde uygulam\u0131\u015f oldu\u011fumuz tedavilerimiz hakk\u0131nda detayl\u0131 bilgiye bu b\u00f6l\u00fcmden ula\u015fabilirsiniz.&#8221; font_size=&#8221;lg:17&#8243; max_width=&#8221;630px&#8221;][tm_spacer size=&#8221;lg:60&#8243;][tm_service style=&#8221;carousel_05&#8243; carousel_nav=&#8221;5&#8243; carousel_gutter=&#8221;30&#8243; number=&#8221;3&#8243; carousel_items_display=&#8221;xs:1;sm:2;md:3;lg:3&#8243;][tm_spacer size=&#8221;lg:50&#8243;][tm_button align=&#8221;center&#8221; md_align=&#8221;center&#8221; sm_align=&#8221;center&#8221; xs_align=&#8221;center&#8221; button=&#8221;url:https%3A%2F%2Felitdismerkezi.com%2Ftedaviler%2F|title:T%C3%BCm%20Tedavilerimiz&#8221;][\/vc_column][\/vc_row][vc_row full_width=&#8221;stretch_row&#8221; background_color=&#8221;primary&#8221; lg_spacing=&#8221;padding_top:23;padding_bottom:27&#8243;][vc_column][tm_heading custom_google_font=&#8221;1&#8243; align=&#8221;center&#8221; text_color=&#8221;custom&#8221; custom_text_color=&#8221;#ffffff&#8221; icon_type=&#8221;fontawesome5&#8243; icon_fontawesome5=&#8221;fal fa-map-marker-alt&#8221; text=&#8221;Mutlu g\u00fcl\u00fc\u015fler i\u00e7in sizleri klini\u011fimize davetlisiniz.&#8221; font_size=&#8221;lg:26&#8243; icon_font_size=&#8221;lg:36&#8243; link=&#8221;https:\/\/www.google.com\/maps\/place\/Elit+Di%C5%9F+Poliklini%C4%9Fi\/@36.7800651,31.4381111,15z\/data=!4m5!3m4!1s0x0:0xc3cac213e09cba8e!8m2!3d36.7800651!4d31.4381111&#8243;][\/vc_column][\/vc_row]<\/p>\n<p><\/p>","protected":false},"excerpt":{"rendered":"<p>[vc_row full_width=&#8221;stretch_row&#8221; background_color=&#8221;custom&#8221; lg_spacing=&#8221;padding_top:100;padding_bottom:100&#8243;][vc_column][tm_heading custom_google_font=&#8221;&#8221; text=&#8221;Sa\u011fl\u0131k Turizmi&#8221; font_size=&#8221;sm:36;lg:32&#8243;][tm_spacer size=&#8221;lg:20&#8243;][tm_heading tag=&#8221;div&#8221; custom_google_font=&#8221;&#8221; text=&#8221;Sa\u011fl\u0131k turizmi, ki\u015filerin sa\u011fl\u0131klar\u0131na kavu\u015fmak amac\u0131yla yapt\u0131klar\u0131 seyahatlerdir. D\u00fcnyada geli\u015fmekte olan tedavi uygulamalar\u0131 ile bilimsel yay\u0131nlar\u0131 yak\u0131ndan takip edip; \u00e7a\u011fa uygun ekipmanlar\u0131 ve uzman hekim kadrosu ile yurti\u00e7i-yurtd\u0131\u015f\u0131 hastalar\u0131m\u0131za nitelikli tedavi y\u00f6ntemleri sunmaktay\u0131z. Yurtd\u0131\u015f\u0131 hastalar\u0131m\u0131z\u0131n tedavi beklentilerini genellikle; \u0130mplant, Protez, Estetik G\u00fcl\u00fc\u015f Tasar\u0131m\u0131, Di\u015f Eti Rahats\u0131zl\u0131klar\u0131 ve Beyazlatma Tedavileri y\u00f6n\u00fcnde olmaktad\u0131r. Yapt\u0131\u011f\u0131m\u0131z t\u00fcm tedaviler garantimiz kapsam\u0131nda olmakla birlikte, implant tedavisi i\u00e7in \u00f6m\u00fcr boyu garanti vermekteyiz.&#8221; font_size=&#8221;lg:17&#8243;][tm_spacer size=&#8221;lg:20&#8243;][tm_heading tag=&#8221;div&#8221; custom_google_font=&#8221;&#8221; text=&#8221;\u00dclkemizin son y\u0131llarda kaliteli sa\u011fl\u0131k hizmetleri sunmas\u0131, bir\u00e7ok \u00fclkeye g\u00f6re daha ekonomik tedavi \u00fccretlerinin olmas\u0131 ve sa\u011fl\u0131k teknolojisini Avrupa \u00fclkelerine g\u00f6re daha yak\u0131ndan takip ediyor olmas\u0131, yurtd\u0131\u015f\u0131 hastalar\u0131n\u0131n T\u00fcrkiye\u2019yi se\u00e7mesinde \u00f6ncelikli sebeplerdendir.Ki\u015filerin tercihlerini T\u00fcrkiye y\u00f6n\u00fcnde kullanmas\u0131nda; T\u00fcrkiye\u2019nin do\u011fal ve k\u00fclt\u00fcrel olarak zengin olmas\u0131 ve bir\u00e7ok \u00fclke ile ortak tarihi ge\u00e7mi\u015fe sahip olmas\u0131 \u00f6nemli \u00f6l\u00e7\u00fcde etkilemektedir.&#8221; font_size=&#8221;lg:17&#8243;][tm_spacer size=&#8221;lg:50&#8243;][tm_heading custom_google_font=&#8221;&#8221; text=&#8221;A\u011f\u0131z ve Di\u015f Sa\u011fl\u0131\u011f\u0131 Turizmi Nas\u0131l Yap\u0131l\u0131r?&#8221; font_size=&#8221;sm:36;lg:32&#8243;][tm_spacer size=&#8221;lg:20&#8243;][tm_heading tag=&#8221;div&#8221; custom_google_font=&#8221;&#8221; text=&#8221;\u00d6ncelikle hastam\u0131z\u0131n kendi \u00fclkesinde herhangi bir yerde panoramik r\u00f6ntgen \u00e7ektirmesi ve bunu hekimlerimize e-mail olarak ula\u015ft\u0131rmas\u0131 gerekir. R\u00f6ntgeninizi inceleyerek size te\u015fhis ve tedavi planlaman\u0131z konusunda ilk fiziki muayenede kesinlik kazanacak bir tedavi plan\u0131 haz\u0131rlarlar . Bu planla birlikte size mali tablo ve ortalama tedavi s\u00fcresi hakk\u0131nda da bilgi verilir.&#8221; font_size=&#8221;lg:17&#8243;][tm_spacer size=&#8221;lg:20&#8243;][tm_heading tag=&#8221;div&#8221; custom_google_font=&#8221;&#8221; text=&#8221;Tedaviniz i\u00e7in en uygun tedavi planlamas\u0131, t\u00fcm alternatiflerle birlikte size sunulur. Telefon g\u00f6r\u00fc\u015fmesi veya e-mail yoluyla en uygun olana karar verilir ve randevu tarihi belirlenir. Hekimlerimiz sizin T\u00fcrkiye\u2019de kalma s\u00fcrenize g\u00f6re sizi tedavi hakk\u0131nda y\u00f6nlendirebilir.&#8221; font_size=&#8221;lg:17&#8243;][tm_spacer size=&#8221;lg:20&#8243;][tm_heading tag=&#8221;div&#8221; custom_google_font=&#8221;&#8221; text=&#8221;T\u00fcrkiye\u2019de bu tedavi, konaklama, u\u00e7u\u015f ve sa\u011fl\u0131k i\u015flemleri dahil olmak \u00fczere maliyet olarak Avrupa \u00fclkelerine nazaran \u00e7ok daha uygun yap\u0131labilmektedir. Tedaviye karar verdi\u011finiz anda zaman\u0131n\u0131z\u0131 en iyi \u015fekilde kullanabilmek i\u00e7in T\u00fcrkiye de kalaca\u011f\u0131n\u0131z s\u00fcreyi \u00f6nceden hekimlerimize bildirmeniz ve size verilen randevu saatlerine sad\u0131k kalman\u0131z gerekmektedir. Tedavi s\u00fcresince hekimlerimizin kontrol\u00fc alt\u0131nda tedavinin sonucuna y\u00f6nelik t\u00fcm sorumluluklar\u0131 bilin\u00e7li bir \u015fekilde \u00fcstlenmelisiniz.&#8221; font_size=&#8221;lg:17&#8243;][tm_spacer size=&#8221;lg:60&#8243;][\/vc_column][\/vc_row][vc_row full_width=&#8221;stretch_row&#8221; background_color=&#8221;custom&#8221; lg_spacing=&#8221;padding_top:100;padding_bottom:100&#8243; custom_background_color=&#8221;#f0f4f7&#8243;][vc_column][tm_heading custom_google_font=&#8221;&#8221; align=&#8221;center&#8221; text=&#8221;Tedavilerimiz&#8221; font_size=&#8221;sm:36;lg:42&#8243;][tm_spacer size=&#8221;lg:20&#8243;][tm_heading tag=&#8221;div&#8221; custom_google_font=&#8221;&#8221; align=&#8221;center&#8221; text=&#8221;Klini\u011fimizde uygulam\u0131\u015f oldu\u011fumuz tedavilerimiz hakk\u0131nda detayl\u0131 bilgiye bu b\u00f6l\u00fcmden ula\u015fabilirsiniz.&#8221; font_size=&#8221;lg:17&#8243; max_width=&#8221;630px&#8221;][tm_spacer size=&#8221;lg:60&#8243;][tm_service style=&#8221;carousel_05&#8243; carousel_nav=&#8221;5&#8243; carousel_gutter=&#8221;30&#8243; number=&#8221;3&#8243; carousel_items_display=&#8221;xs:1;sm:2;md:3;lg:3&#8243;][tm_spacer size=&#8221;lg:50&#8243;][tm_button align=&#8221;center&#8221; md_align=&#8221;center&#8221; sm_align=&#8221;center&#8221; xs_align=&#8221;center&#8221; button=&#8221;url:https%3A%2F%2Felitdismerkezi.com%2Ftedaviler%2F|title:T%C3%BCm%20Tedavilerimiz&#8221;][\/vc_column][\/vc_row][vc_row full_width=&#8221;stretch_row&#8221; background_color=&#8221;primary&#8221; lg_spacing=&#8221;padding_top:23;padding_bottom:27&#8243;][vc_column][tm_heading custom_google_font=&#8221;1&#8243; align=&#8221;center&#8221; text_color=&#8221;custom&#8221; custom_text_color=&#8221;#ffffff&#8221; icon_type=&#8221;fontawesome5&#8243; icon_fontawesome5=&#8221;fal fa-map-marker-alt&#8221; text=&#8221;Mutlu g\u00fcl\u00fc\u015fler i\u00e7in sizleri klini\u011fimize davetlisiniz.&#8221; font_size=&#8221;lg:26&#8243; icon_font_size=&#8221;lg:36&#8243; link=&#8221;https:\/\/www.google.com\/maps\/place\/Elit+Di%C5%9F+Poliklini%C4%9Fi\/@36.7800651,31.4381111,15z\/data=!4m5!3m4!1s0x0:0xc3cac213e09cba8e!8m2!3d36.7800651!4d31.4381111&#8243;][\/vc_column][\/vc_row]<\/p>\n","protected":false},"author":1,"featured_media":0,"parent":0,"menu_order":0,"comment_status":"closed","ping_status":"closed","template":"","meta":{"_joinchat":[]},"_links":{"self":[{"href":"https:\/\/elitdismerkezi.com\/en\/wp-json\/wp\/v2\/pages\/3190"}],"collection":[{"href":"https:\/\/elitdismerkezi.com\/en\/wp-json\/wp\/v2\/pages"}],"about":[{"href":"https:\/\/elitdismerkezi.com\/en\/wp-json\/wp\/v2\/types\/page"}],"author":[{"embeddable":true,"href":"https:\/\/elitdismerkezi.com\/en\/wp-json\/wp\/v2\/users\/1"}],"replies":[{"embeddable":true,"href":"https:\/\/elitdismerkezi.com\/en\/wp-json\/wp\/v2\/comments?post=3190"}],"version-history":[{"count":6,"href":"https:\/\/elitdismerkezi.com\/en\/wp-json\/wp\/v2\/pages\/3190\/revisions"}],"predecessor-version":[{"id":3296,"href":"https:\/\/elitdismerkezi.com\/en\/wp-json\/wp\/v2\/pages\/3190\/revisions\/3296"}],"wp:attachment":[{"href":"https:\/\/elitdismerkezi.com\/en\/wp-json\/wp\/v2\/media?parent=3190"}],"curies":[{"name":"wp","href":"https:\/\/api.w.org\/{rel}","templated":true}]}}