{"id":2493,"date":"2022-08-09T10:18:11","date_gmt":"2022-08-09T07:18:11","guid":{"rendered":"https:\/\/elitdismerkezi.com\/test\/dental-services\/"},"modified":"2026-01-06T12:39:40","modified_gmt":"2026-01-06T09:39:40","slug":"anasayfa","status":"publish","type":"page","link":"https:\/\/elitdismerkezi.com\/en\/","title":{"rendered":"Home"},"content":{"rendered":"<p>[vc_row full_width=&#8221;stretch_row_content&#8221; content_placement=&#8221;middle&#8221; lg_spacing=&#8221;padding_top:30;padding_bottom:30&#8243; gutter=&#8221;sm:30;md:50;lg:70&#8243;][vc_column offset=&#8221;vc_col-lg-6&#8243;][tm_image align=&#8221;right&#8221; image=&#8221;2609&#8243; rounded=&#8221;20&#8243;][\/vc_column][vc_column offset=&#8221;vc_col-lg-6&#8243;][tm_spacer size=&#8221;lg:70&#8243;][vc_row_inner max_width=&#8221;600px&#8221;][vc_column_inner][tm_heading custom_google_font=&#8221;&#8221; google_fonts=&#8221;font_family:Open%20Sans%3A300%2C300italic%2Cregular%2Citalic%2C600%2C600italic%2C700%2C700italic%2C800%2C800italic|font_style:800%20bold%20regular%3A800%3Anormal&#8221; text=&#8221;Klini\u011fimize ho\u015f geldiniz,&#8221; font_size=&#8221;xs:36;sm:36;lg:42&#8243;][tm_spacer size=&#8221;lg:30&#8243;][tm_heading tag=&#8221;div&#8221; custom_google_font=&#8221;1&#8243; google_fonts=&#8221;font_family:Open%20Sans%3A300%2C300italic%2Cregular%2Citalic%2C600%2C600italic%2C700%2C700italic%2C800%2C800italic|font_style:400%20regular%3A400%3Anormal&#8221; text=&#8221;Elit Di\u015f Poliklini\u011fi a\u011f\u0131z ve di\u015f sa\u011fl\u0131\u011f\u0131n\u0131 koruyucu, geli\u015ftirici ve tedavi edici sa\u011fl\u0131k hizmeti sunan yerel, ulusal ve uluslararas\u0131 d\u00fczeyde kuruldu.&#8221; font_size=&#8221;lg:17&#8243;][tm_spacer size=&#8221;lg:20&#8243;][tm_heading tag=&#8221;div&#8221; custom_google_font=&#8221;&#8221; google_fonts=&#8221;font_family:Open%20Sans%3A300%2C300italic%2Cregular%2Citalic%2C600%2C600italic%2C700%2C700italic%2C800%2C800italic|font_style:400%20regular%3A400%3Anormal&#8221; text=&#8221;Elit Di\u015f Poliklini\u011fi olarak; uzman hekimlerimiz, deneyimli kadromuz ve kaliteli hizmet anlay\u0131\u015f\u0131m\u0131z ile her zaman yan\u0131n\u0131zday\u0131z.&#8221; font_size=&#8221;lg:17&#8243;][tm_spacer size=&#8221;lg:20&#8243;][tm_heading tag=&#8221;div&#8221; custom_google_font=&#8221;&#8221; google_fonts=&#8221;font_family:Open%20Sans%3A300%2C300italic%2Cregular%2Citalic%2C600%2C600italic%2C700%2C700italic%2C800%2C800italic|font_style:400%20regular%3A400%3Anormal&#8221; text=&#8221;\u00d6nceli\u011fimiz hasta memnuniyeti ve g\u00fcvenli\u011fidir.&#8221; font_size=&#8221;lg:17&#8243;][tm_spacer size=&#8221;lg:30&#8243;][\/vc_column_inner][\/vc_row_inner][tm_button_group gutter=&#8221;24&#8243;][tm_button style=&#8221;modern&#8221; color=&#8221;secondary&#8221; button=&#8221;url:https%3A%2F%2Felitdismerkezi.com%2Fhakkimizda%2F|title:Hakk%C4%B1m%C4%B1zda&#8221;][tm_button style=&#8221;text&#8221; icon_type=&#8221;fontawesome5&#8243; icon_fontawesome5=&#8221;far fa-long-arrow-alt-right&#8221; color=&#8221;custom&#8221; button_bg_color=&#8221;&#8221; font_color=&#8221;secondary&#8221; button_border_color=&#8221;&#8221; button_icon_color=&#8221;primary&#8221; button_bg_color_hover=&#8221;&#8221; font_color_hover=&#8221;&#8221; button_border_color_hover=&#8221;&#8221; button_icon_color_hover=&#8221;&#8221; button=&#8221;url:https%3A%2F%2Felitdismerkezi.com%2Fdoktorlar%2F|title:Doktorlar%C4%B1m%C4%B1z&#8221;][\/tm_button_group][tm_spacer size=&#8221;xs:35;sm:35;md:35;lg:70&#8243;][\/vc_column][\/vc_row][vc_row full_width=&#8221;stretch_row&#8221; background_color=&#8221;custom&#8221; lg_spacing=&#8221;padding_top:100;padding_bottom:100&#8243; custom_background_color=&#8221;#F0F4F7&#8243;][vc_column][tm_heading custom_google_font=&#8221;&#8221; align=&#8221;center&#8221; text=&#8221;Tedavilerimiz&#8221; font_size=&#8221;xs:36;sm:36;lg:42&#8243;][tm_spacer size=&#8221;lg:20&#8243;][tm_heading tag=&#8221;div&#8221; custom_google_font=&#8221;&#8221; google_fonts=&#8221;font_family:Open%20Sans%3A300%2C300italic%2Cregular%2Citalic%2C600%2C600italic%2C700%2C700italic%2C800%2C800italic|font_style:400%20regular%3A400%3Anormal&#8221; align=&#8221;center&#8221; text=&#8221;Klini\u011fimizde uygulam\u0131\u015f oldu\u011fumuz tedavilerimiz hakk\u0131nda detayl\u0131 bilgiye bu b\u00f6l\u00fcmden ula\u015fabilirsiniz.&#8221; font_size=&#8221;lg:17&#8243; max_width=&#8221;630px&#8221;][tm_spacer size=&#8221;lg:60&#8243;][tm_service style=&#8221;carousel_05&#8243; carousel_nav=&#8221;5&#8243; carousel_gutter=&#8221;30&#8243; number=&#8221;3&#8243; carousel_items_display=&#8221;xs:1;sm:2;md:3;lg:3&#8243;][tm_spacer size=&#8221;lg:50&#8243;][tm_button align=&#8221;center&#8221; md_align=&#8221;center&#8221; sm_align=&#8221;center&#8221; xs_align=&#8221;center&#8221; button=&#8221;url:https%3A%2F%2Felitdismerkezi.com%2Ftedaviler%2F|title:T%C3%BCm%20Tedavilerimiz&#8221;][\/vc_column][\/vc_row][vc_row][vc_column][tm_spacer size=&#8221;xs:50;sm:50;md:50;lg:100&#8243;][tm_heading custom_google_font=&#8221;&#8221; google_fonts=&#8221;font_family:Open%20Sans%3A300%2C300italic%2Cregular%2Citalic%2C600%2C600italic%2C700%2C700italic%2C800%2C800italic|font_style:700%20bold%20regular%3A700%3Anormal&#8221; align=&#8221;center&#8221; text=&#8221;Doktorlar\u0131m\u0131z&#8221; font_size=&#8221;xs:36;sm:36;lg:42&#8243;][tm_spacer size=&#8221;lg:20&#8243;][tm_heading tag=&#8221;div&#8221; custom_google_font=&#8221;&#8221; google_fonts=&#8221;font_family:Open%20Sans%3A300%2C300italic%2Cregular%2Citalic%2C600%2C600italic%2C700%2C700italic%2C800%2C800italic|font_style:400%20regular%3A400%3Anormal&#8221; align=&#8221;center&#8221; text=&#8221;G\u00fcler y\u00fczl\u00fc ve profesyonel ekibimiz ile hasta memnuniyeti ve g\u00fcvenli\u011fi en \u00fcst d\u00fczeyde tutulmaktad\u0131r.&#8221; font_size=&#8221;lg:17&#8243; max_width=&#8221;630px&#8221;][tm_spacer size=&#8221;lg:80&#8243;][tm_doctor style=&#8221;grid-03&#8243; gutter=&#8221;30&#8243; row_gutter=&#8221;30&#8243; number=&#8221;2&#8243; columns=&#8221;xs:1;sm:2;lg:2&#8243;][tm_spacer size=&#8221;xs:50;sm:50;md:50;lg:100&#8243;][\/vc_column][\/vc_row][vc_row full_width=&#8221;stretch_row&#8221; content_placement=&#8221;middle&#8221; background_size=&#8221;auto&#8221; lg_spacing=&#8221;padding_top:100;padding_bottom:0&#8243; background_image=&#8221;400&#8243; background_position=&#8221;right center&#8221; gutter=&#8221;sm:30;md:50;lg:70&#8243;][vc_column offset=&#8221;vc_col-lg-8&#8243;][tm_heading custom_google_font=&#8221;1&#8243; google_fonts=&#8221;font_family:Open%20Sans%3A300%2C300italic%2Cregular%2Citalic%2C600%2C600italic%2C700%2C700italic%2C800%2C800italic|font_style:800%20bold%20regular%3A800%3Anormal&#8221; text=&#8221;Randevu Olu\u015ftur&#8221; font_size=&#8221;xs:28;sm:28;md:28;lg:42&#8243;][tm_spacer size=&#8221;lg:20&#8243;][tm_heading tag=&#8221;div&#8221; custom_google_font=&#8221;&#8221; google_fonts=&#8221;font_family:Open%20Sans%3A300%2C300italic%2Cregular%2Citalic%2C600%2C600italic%2C700%2C700italic%2C800%2C800italic|font_style:400%20regular%3A400%3Anormal&#8221; text=&#8221;Yapm\u0131\u015f oldu\u011funuz randevu i\u015flemi sadece \u00f6n kay\u0131t niteli\u011finde olup ekiplerimiz belirtmi\u015f oldu\u011funuz telefon numaras\u0131 ile ileti\u015fime ge\u00e7erek as\u0131l randevunuzu olu\u015fturacakt\u0131r.&#8221; font_size=&#8221;lg:16&#8243; max_width=&#8221;570px&#8221;][tm_spacer size=&#8221;lg:40&#8243;][tm_contact_form_7 id=&#8221;398&#8243;][tm_spacer size=&#8221;xs:50;sm:50;md:50;lg:100&#8243;][\/vc_column][vc_column offset=&#8221;vc_col-lg-4&#8243;][tm_heading custom_google_font=&#8221;1&#8243; text_transform=&#8221;uppercase&#8221; text_color=&#8221;custom&#8221; custom_text_color=&#8221;#486683&#8243; text=&#8221;B\u0130ZE ULA\u015eIN&#8221; font_size=&#8221;lg:15&#8243; letter_spacing=&#8221;1px&#8221;][tm_spacer size=&#8221;lg:24&#8243;][tm_heading custom_google_font=&#8221;&#8221; text=&#8221;0 (242) 743 38 68&#8243; font_size=&#8221;xs:34;sm:36;lg:40&#8243; link=&#8221;tel:02427433868&#8243;][tm_spacer size=&#8221;lg:19&#8243;][tm_heading tag=&#8221;div&#8221; custom_google_font=&#8221;&#8221; text=&#8221;Mutlu g\u00fcl\u00fc\u015fler i\u00e7in bizimle yukar\u0131daki telefon numaras\u0131ndan ileti\u015fime ge\u00e7ebilirsiniz.&#8221;][tm_spacer size=&#8221;lg:23&#8243;][tm_button style=&#8221;text_with_underline&#8221; icon_align=&#8221;left&#8221; icon_type=&#8221;fontawesome5&#8243; icon_fontawesome5=&#8221;fal fa-map-marker-alt&#8221; button=&#8221;url:https%3A%2F%2Fwww.google.com%2Fmaps%2Fplace%2FB%25E1%25BB%2587nh%2BVi%25E1%25BB%2587n%2BR%25C4%2583ng%2BH%25C3%25A0m%2BM%25E1%25BA%25B7t%2BTrung%2B%25C6%25AF%25C6%25A1ng%2BH%25C3%25A0%2BN%25E1%25BB%2599i%2F%4021.02766%2C105.8441416%2C17z%2Fdata%3D!3m1!4b1!4m5!3m4!1s0x3135ab2ae38fa2a7%3A0xbe4302bf30bc35bb!8m2!3d21.02766!4d105.8463303|title:Yol%20tarifi%20al%C4%B1n|target:_blank&#8221;][tm_spacer size=&#8221;xs:50;sm:50;md:50;lg:100&#8243;][\/vc_column][\/vc_row][vc_row full_width=&#8221;stretch_row&#8221; background_color=&#8221;primary&#8221; lg_spacing=&#8221;padding_top:23;padding_bottom:27&#8243;][vc_column][tm_heading custom_google_font=&#8221;1&#8243; google_fonts=&#8221;font_family:Open%20Sans%3A300%2C300italic%2Cregular%2Citalic%2C600%2C600italic%2C700%2C700italic%2C800%2C800italic|font_style:800%20bold%20regular%3A800%3Anormal&#8221; align=&#8221;center&#8221; text_color=&#8221;custom&#8221; custom_text_color=&#8221;#ffffff&#8221; icon_type=&#8221;fontawesome5&#8243; icon_fontawesome5=&#8221;fal fa-map-marker-alt&#8221; text=&#8221;Mutlu g\u00fcl\u00fc\u015fler i\u00e7in klini\u011fimize davetlisiniz.&#8221; font_size=&#8221;xs:18;sm:18;md:18;lg:26&#8243; icon_font_size=&#8221;xs:24;sm:24;md:24;lg:36&#8243; link=&#8221;https:\/\/elitdismerkezi.com\/iletisim\/&#8221;][\/vc_column][\/vc_row]<\/p>\n","protected":false},"excerpt":{"rendered":"<p>[vc_row full_width=&#8221;stretch_row_content&#8221; content_placement=&#8221;middle&#8221; lg_spacing=&#8221;padding_top:30;padding_bottom:30&#8243; gutter=&#8221;sm:30;md:50;lg:70&#8243;][vc_column offset=&#8221;vc_col-lg-6&#8243;][tm_image align=&#8221;right&#8221; image=&#8221;2609&#8243; rounded=&#8221;20&#8243;][\/vc_column][vc_column offset=&#8221;vc_col-lg-6&#8243;][tm_spacer size=&#8221;lg:70&#8243;][vc_row_inner max_width=&#8221;600px&#8221;][vc_column_inner][tm_heading custom_google_font=&#8221;&#8221; google_fonts=&#8221;font_family:Open%20Sans%3A300%2C300italic%2Cregular%2Citalic%2C600%2C600italic%2C700%2C700italic%2C800%2C800italic|font_style:800%20bold%20regular%3A800%3Anormal&#8221; text=&#8221;Klini\u011fimize ho\u015f geldiniz,&#8221; font_size=&#8221;xs:36;sm:36;lg:42&#8243;][tm_spacer size=&#8221;lg:30&#8243;][tm_heading tag=&#8221;div&#8221; custom_google_font=&#8221;1&#8243; google_fonts=&#8221;font_family:Open%20Sans%3A300%2C300italic%2Cregular%2Citalic%2C600%2C600italic%2C700%2C700italic%2C800%2C800italic|font_style:400%20regular%3A400%3Anormal&#8221; text=&#8221;Elit Di\u015f Poliklini\u011fi a\u011f\u0131z ve di\u015f sa\u011fl\u0131\u011f\u0131n\u0131 koruyucu, geli\u015ftirici ve tedavi edici sa\u011fl\u0131k hizmeti sunan yerel, ulusal ve uluslararas\u0131 d\u00fczeyde kuruldu.&#8221; font_size=&#8221;lg:17&#8243;][tm_spacer size=&#8221;lg:20&#8243;][tm_heading tag=&#8221;div&#8221; custom_google_font=&#8221;&#8221; google_fonts=&#8221;font_family:Open%20Sans%3A300%2C300italic%2Cregular%2Citalic%2C600%2C600italic%2C700%2C700italic%2C800%2C800italic|font_style:400%20regular%3A400%3Anormal&#8221; text=&#8221;Elit Di\u015f Poliklini\u011fi olarak; uzman hekimlerimiz, deneyimli kadromuz ve kaliteli hizmet anlay\u0131\u015f\u0131m\u0131z ile her zaman yan\u0131n\u0131zday\u0131z.&#8221; font_size=&#8221;lg:17&#8243;][tm_spacer size=&#8221;lg:20&#8243;][tm_heading tag=&#8221;div&#8221; custom_google_font=&#8221;&#8221; google_fonts=&#8221;font_family:Open%20Sans%3A300%2C300italic%2Cregular%2Citalic%2C600%2C600italic%2C700%2C700italic%2C800%2C800italic|font_style:400%20regular%3A400%3Anormal&#8221; text=&#8221;\u00d6nceli\u011fimiz hasta memnuniyeti ve g\u00fcvenli\u011fidir.&#8221; font_size=&#8221;lg:17&#8243;][tm_spacer size=&#8221;lg:30&#8243;][\/vc_column_inner][\/vc_row_inner][tm_button_group gutter=&#8221;24&#8243;][tm_button style=&#8221;modern&#8221; color=&#8221;secondary&#8221; button=&#8221;url:https%3A%2F%2Felitdismerkezi.com%2Fhakkimizda%2F|title:Hakk%C4%B1m%C4%B1zda&#8221;][tm_button style=&#8221;text&#8221; icon_type=&#8221;fontawesome5&#8243; icon_fontawesome5=&#8221;far fa-long-arrow-alt-right&#8221; color=&#8221;custom&#8221; button_bg_color=&#8221;&#8221; font_color=&#8221;secondary&#8221; button_border_color=&#8221;&#8221; button_icon_color=&#8221;primary&#8221; button_bg_color_hover=&#8221;&#8221; font_color_hover=&#8221;&#8221; button_border_color_hover=&#8221;&#8221; button_icon_color_hover=&#8221;&#8221; button=&#8221;url:https%3A%2F%2Felitdismerkezi.com%2Fdoktorlar%2F|title:Doktorlar%C4%B1m%C4%B1z&#8221;][\/tm_button_group][tm_spacer size=&#8221;xs:35;sm:35;md:35;lg:70&#8243;][\/vc_column][\/vc_row][vc_row full_width=&#8221;stretch_row&#8221; background_color=&#8221;custom&#8221; lg_spacing=&#8221;padding_top:100;padding_bottom:100&#8243; custom_background_color=&#8221;#F0F4F7&#8243;][vc_column][tm_heading custom_google_font=&#8221;&#8221; align=&#8221;center&#8221; text=&#8221;Tedavilerimiz&#8221; font_size=&#8221;xs:36;sm:36;lg:42&#8243;][tm_spacer size=&#8221;lg:20&#8243;][tm_heading tag=&#8221;div&#8221; custom_google_font=&#8221;&#8221; google_fonts=&#8221;font_family:Open%20Sans%3A300%2C300italic%2Cregular%2Citalic%2C600%2C600italic%2C700%2C700italic%2C800%2C800italic|font_style:400%20regular%3A400%3Anormal&#8221; align=&#8221;center&#8221; text=&#8221;Klini\u011fimizde uygulam\u0131\u015f oldu\u011fumuz tedavilerimiz hakk\u0131nda detayl\u0131 bilgiye bu b\u00f6l\u00fcmden ula\u015fabilirsiniz.&#8221; font_size=&#8221;lg:17&#8243; max_width=&#8221;630px&#8221;][tm_spacer size=&#8221;lg:60&#8243;][tm_service style=&#8221;carousel_05&#8243; carousel_nav=&#8221;5&#8243; carousel_gutter=&#8221;30&#8243; number=&#8221;3&#8243; carousel_items_display=&#8221;xs:1;sm:2;md:3;lg:3&#8243;][tm_spacer size=&#8221;lg:50&#8243;][tm_button align=&#8221;center&#8221; md_align=&#8221;center&#8221; sm_align=&#8221;center&#8221; xs_align=&#8221;center&#8221; button=&#8221;url:https%3A%2F%2Felitdismerkezi.com%2Ftedaviler%2F|title:T%C3%BCm%20Tedavilerimiz&#8221;][\/vc_column][\/vc_row][vc_row][vc_column][tm_spacer size=&#8221;xs:50;sm:50;md:50;lg:100&#8243;][tm_heading custom_google_font=&#8221;&#8221; google_fonts=&#8221;font_family:Open%20Sans%3A300%2C300italic%2Cregular%2Citalic%2C600%2C600italic%2C700%2C700italic%2C800%2C800italic|font_style:700%20bold%20regular%3A700%3Anormal&#8221; align=&#8221;center&#8221; text=&#8221;Doktorlar\u0131m\u0131z&#8221; font_size=&#8221;xs:36;sm:36;lg:42&#8243;][tm_spacer size=&#8221;lg:20&#8243;][tm_heading tag=&#8221;div&#8221; custom_google_font=&#8221;&#8221; google_fonts=&#8221;font_family:Open%20Sans%3A300%2C300italic%2Cregular%2Citalic%2C600%2C600italic%2C700%2C700italic%2C800%2C800italic|font_style:400%20regular%3A400%3Anormal&#8221; align=&#8221;center&#8221; text=&#8221;G\u00fcler y\u00fczl\u00fc ve profesyonel ekibimiz ile hasta memnuniyeti ve g\u00fcvenli\u011fi en \u00fcst d\u00fczeyde tutulmaktad\u0131r.&#8221; font_size=&#8221;lg:17&#8243; max_width=&#8221;630px&#8221;][tm_spacer size=&#8221;lg:80&#8243;][tm_doctor style=&#8221;grid-03&#8243; gutter=&#8221;30&#8243; row_gutter=&#8221;30&#8243; number=&#8221;2&#8243; columns=&#8221;xs:1;sm:2;lg:2&#8243;][tm_spacer size=&#8221;xs:50;sm:50;md:50;lg:100&#8243;][\/vc_column][\/vc_row][vc_row full_width=&#8221;stretch_row&#8221; content_placement=&#8221;middle&#8221; background_size=&#8221;auto&#8221; lg_spacing=&#8221;padding_top:100;padding_bottom:0&#8243; background_image=&#8221;400&#8243; background_position=&#8221;right center&#8221; gutter=&#8221;sm:30;md:50;lg:70&#8243;][vc_column offset=&#8221;vc_col-lg-8&#8243;][tm_heading custom_google_font=&#8221;1&#8243; google_fonts=&#8221;font_family:Open%20Sans%3A300%2C300italic%2Cregular%2Citalic%2C600%2C600italic%2C700%2C700italic%2C800%2C800italic|font_style:800%20bold%20regular%3A800%3Anormal&#8221; text=&#8221;Randevu Olu\u015ftur&#8221; font_size=&#8221;xs:28;sm:28;md:28;lg:42&#8243;][tm_spacer size=&#8221;lg:20&#8243;][tm_heading tag=&#8221;div&#8221; custom_google_font=&#8221;&#8221; google_fonts=&#8221;font_family:Open%20Sans%3A300%2C300italic%2Cregular%2Citalic%2C600%2C600italic%2C700%2C700italic%2C800%2C800italic|font_style:400%20regular%3A400%3Anormal&#8221; text=&#8221;Yapm\u0131\u015f oldu\u011funuz randevu i\u015flemi sadece \u00f6n kay\u0131t niteli\u011finde olup ekiplerimiz belirtmi\u015f oldu\u011funuz telefon numaras\u0131 ile ileti\u015fime ge\u00e7erek as\u0131l randevunuzu olu\u015fturacakt\u0131r.&#8221; font_size=&#8221;lg:16&#8243; max_width=&#8221;570px&#8221;][tm_spacer size=&#8221;lg:40&#8243;][tm_contact_form_7 id=&#8221;398&#8243;][tm_spacer size=&#8221;xs:50;sm:50;md:50;lg:100&#8243;][\/vc_column][vc_column offset=&#8221;vc_col-lg-4&#8243;][tm_heading custom_google_font=&#8221;1&#8243; text_transform=&#8221;uppercase&#8221; text_color=&#8221;custom&#8221; custom_text_color=&#8221;#486683&#8243; text=&#8221;B\u0130ZE ULA\u015eIN&#8221; font_size=&#8221;lg:15&#8243; letter_spacing=&#8221;1px&#8221;][tm_spacer size=&#8221;lg:24&#8243;][tm_heading custom_google_font=&#8221;&#8221; text=&#8221;0 (242) 743 38 68&#8243; font_size=&#8221;xs:34;sm:36;lg:40&#8243; link=&#8221;tel:02427433868&#8243;][tm_spacer size=&#8221;lg:19&#8243;][tm_heading tag=&#8221;div&#8221; custom_google_font=&#8221;&#8221; text=&#8221;Mutlu g\u00fcl\u00fc\u015fler i\u00e7in bizimle yukar\u0131daki telefon numaras\u0131ndan ileti\u015fime ge\u00e7ebilirsiniz.&#8221;][tm_spacer size=&#8221;lg:23&#8243;][tm_button style=&#8221;text_with_underline&#8221; icon_align=&#8221;left&#8221; icon_type=&#8221;fontawesome5&#8243; icon_fontawesome5=&#8221;fal fa-map-marker-alt&#8221; button=&#8221;url:https%3A%2F%2Fwww.google.com%2Fmaps%2Fplace%2FB%25E1%25BB%2587nh%2BVi%25E1%25BB%2587n%2BR%25C4%2583ng%2BH%25C3%25A0m%2BM%25E1%25BA%25B7t%2BTrung%2B%25C6%25AF%25C6%25A1ng%2BH%25C3%25A0%2BN%25E1%25BB%2599i%2F%4021.02766%2C105.8441416%2C17z%2Fdata%3D!3m1!4b1!4m5!3m4!1s0x3135ab2ae38fa2a7%3A0xbe4302bf30bc35bb!8m2!3d21.02766!4d105.8463303|title:Yol%20tarifi%20al%C4%B1n|target:_blank&#8221;][tm_spacer size=&#8221;xs:50;sm:50;md:50;lg:100&#8243;][\/vc_column][\/vc_row][vc_row full_width=&#8221;stretch_row&#8221; background_color=&#8221;primary&#8221; lg_spacing=&#8221;padding_top:23;padding_bottom:27&#8243;][vc_column][tm_heading custom_google_font=&#8221;1&#8243; google_fonts=&#8221;font_family:Open%20Sans%3A300%2C300italic%2Cregular%2Citalic%2C600%2C600italic%2C700%2C700italic%2C800%2C800italic|font_style:800%20bold%20regular%3A800%3Anormal&#8221; align=&#8221;center&#8221; text_color=&#8221;custom&#8221; custom_text_color=&#8221;#ffffff&#8221; icon_type=&#8221;fontawesome5&#8243; icon_fontawesome5=&#8221;fal fa-map-marker-alt&#8221; text=&#8221;Mutlu g\u00fcl\u00fc\u015fler i\u00e7in klini\u011fimize davetlisiniz.&#8221; font_size=&#8221;xs:18;sm:18;md:18;lg:26&#8243; icon_font_size=&#8221;xs:24;sm:24;md:24;lg:36&#8243; link=&#8221;https:\/\/elitdismerkezi.com\/iletisim\/&#8221;][\/vc_column][\/vc_row]<\/p>\n","protected":false},"author":1,"featured_media":0,"parent":0,"menu_order":0,"comment_status":"closed","ping_status":"closed","template":"","meta":{"_joinchat":[]},"_links":{"self":[{"href":"https:\/\/elitdismerkezi.com\/en\/wp-json\/wp\/v2\/pages\/2493"}],"collection":[{"href":"https:\/\/elitdismerkezi.com\/en\/wp-json\/wp\/v2\/pages"}],"about":[{"href":"https:\/\/elitdismerkezi.com\/en\/wp-json\/wp\/v2\/types\/page"}],"author":[{"embeddable":true,"href":"https:\/\/elitdismerkezi.com\/en\/wp-json\/wp\/v2\/users\/1"}],"replies":[{"embeddable":true,"href":"https:\/\/elitdismerkezi.com\/en\/wp-json\/wp\/v2\/comments?post=2493"}],"version-history":[{"count":88,"href":"https:\/\/elitdismerkezi.com\/en\/wp-json\/wp\/v2\/pages\/2493\/revisions"}],"predecessor-version":[{"id":3405,"href":"https:\/\/elitdismerkezi.com\/en\/wp-json\/wp\/v2\/pages\/2493\/revisions\/3405"}],"wp:attachment":[{"href":"https:\/\/elitdismerkezi.com\/en\/wp-json\/wp\/v2\/media?parent=2493"}],"curies":[{"name":"wp","href":"https:\/\/api.w.org\/{rel}","templated":true}]}}