{"id":3190,"date":"2022-08-28T01:21:56","date_gmt":"2022-08-27T22:21:56","guid":{"rendered":"https:\/\/elitdismerkezi.com\/test\/?page_id=3190"},"modified":"2022-09-01T01:17:30","modified_gmt":"2022-08-31T22:17:30","slug":"dental-turizm","status":"publish","type":"page","link":"https:\/\/elitdismerkezi.com\/de\/dental-turizm\/","title":{"rendered":"Zahntourismus"},"content":{"rendered":"<p><\/p>\n<p>[vc_row full_width=&#8220;stretch_row&#8220; background_color=&#8220;custom&#8220; lg_spacing=&#8220;padding_top:100;padding_bottom:100&#8243;][vc_column][tm_heading custom_google_font=&#8220;&#8220; text=&#8220;Gesundheitstourismus&#8220; font_size=&#8220;sm:36;lg:32&#8243;][tm_spacer size=&#8220;lg:20&#8243;][tm_heading tag=&#8220;div&#8220; custom_google_font=&#8220;&#8220; text=&#8220;Gesundheitstourismus sind die Reisen, die Menschen unternehmen, um ihre Gesundheit wiederzuerlangen. Indem wir die sich entwickelnden Behandlungspraktiken und wissenschaftlichen Ver\u00f6ffentlichungen in der Welt genau verfolgen; Wir bieten unseren in- und ausl\u00e4ndischen Patienten qualifizierte Behandlungsmethoden mit moderner Ausstattung und fachkundigem \u00c4rztepersonal. Die Behandlungserwartungen unserer ausl\u00e4ndischen Patienten sind im Allgemeinen; Es geht um Implantate, Prothesen, \u00e4sthetisches L\u00e4chelndesign, Zahnfleischerkrankungen und Zahnaufhellungsbehandlungen. W\u00e4hrend alle von uns durchgef\u00fchrten Behandlungen von unserer Garantie abgedeckt sind, gew\u00e4hren wir eine lebenslange Garantie f\u00fcr Implantatbehandlungen.&#8220; font_size=&#8220;lg:17&#8243;][tm_spacer size=&#8220;lg:20&#8243;][tm_heading tag=&#8220;div&#8220; custom_google_font=&#8220;&#8220; text=&#8220;Die Tatsache, dass unser Land in den letzten Jahren qualitativ hochwertige Gesundheitsdienste anbietet, im Vergleich zu vielen anderen L\u00e4ndern g\u00fcnstigere Behandlungsgeb\u00fchren hat und die Gesundheitstechnologie genauer verfolgt als europ\u00e4ische L\u00e4nder, ist einer der Hauptgr\u00fcnde f\u00fcr ausl\u00e4ndische Patienten, sich f\u00fcr die T\u00fcrkei zu entscheiden. Die Tatsache, dass die T\u00fcrkei von Natur aus reich und kulturell reich ist und mit vielen L\u00e4ndern einen gemeinsamen historischen Hintergrund hat, hat erhebliche Auswirkungen.&#8220; font_size=&#8220;lg:17&#8243;][tm_spacer size=&#8220;lg:50&#8243;][tm_heading custom_google_font=&#8220;&#8220; text=&#8220;Wie wird Mund- und Zahngesundheitstourismus gemacht?&#8220; font_size=&#8220;sm:36;lg:32&#8243;][tm_spacer size=&#8220;lg:20&#8243;][tm_heading tag=&#8220;div&#8220; custom_google_font=&#8220;&#8220; text=&#8220;Zun\u00e4chst soll unser Patient irgendwo im eigenen Land ein Panorama-R\u00f6ntgenbild anfertigen lassen und per E-Mail an unsere \u00c4rzte schicken. Anhand Ihres R\u00f6ntgenbildes erstellen sie f\u00fcr Sie einen Behandlungsplan, der in der ersten k\u00f6rperlichen Untersuchung f\u00fcr Ihre Diagnose und Behandlungsplanung finalisiert wird. Neben diesem Plan werden Sie auch \u00fcber die Abrechnung und die durchschnittliche Behandlungsdauer informiert.&#8220; font_size=&#8220;lg:17&#8243;][tm_spacer size=&#8220;lg:20&#8243;][tm_heading tag=&#8220;div&#8220; custom_google_font=&#8220;&#8220; text=&#8220;Der f\u00fcr Ihre Behandlung am besten geeignete Behandlungsplan wird Ihnen mit allen Alternativen pr\u00e4sentiert. Per Telefonat oder E-Mail wird das Passende ermittelt und der Termin festgelegt. Unsere \u00c4rzte k\u00f6nnen Sie entsprechend Ihrem Aufenthalt in der T\u00fcrkei \u00fcber die Behandlung beraten.&#8220; font_size=&#8220;lg:17&#8243;][tm_spacer size=&#8220;lg:20&#8243;][tm_heading tag=&#8220;div&#8220; custom_google_font=&#8220;&#8220; text=&#8220;In der T\u00fcrkei kann diese Behandlung, einschlie\u00dflich Unterkunft, Flug und Gesundheitsverfahren, im Vergleich zu europ\u00e4ischen L\u00e4ndern viel kosteng\u00fcnstiger durchgef\u00fchrt werden. Um Ihre Zeit bei der Entscheidung f\u00fcr eine Behandlung optimal zu nutzen, m\u00fcssen Sie unsere \u00c4rzte vorab \u00fcber Ihren Aufenthalt in der T\u00fcrkei informieren und sich an die Ihnen mitgeteilten Termine halten. W\u00e4hrend der Behandlung m\u00fcssen Sie bewusst alle Verantwortung f\u00fcr das Ergebnis der Behandlung unter der Kontrolle unserer \u00c4rzte \u00fcbernehmen.&#8220; font_size=&#8220;lg:17&#8243;][tm_spacer size=&#8220;lg:60&#8243;][\/vc_column][\/vc_row][vc_row full_width=&#8220;stretch_row&#8220; background_color=&#8220;custom&#8220; lg_spacing=&#8220;padding_top:100;padding_bottom:100&#8243; custom_background_color=&#8220;#f0f4f7&#8243;][vc_column][tm_heading custom_google_font=&#8220;&#8220; align=&#8220;center&#8220; text=&#8220;Behandlungen&#8220; font_size=&#8220;sm:36;lg:42&#8243;][tm_spacer size=&#8220;lg:20&#8243;][tm_heading tag=&#8220;div&#8220; custom_google_font=&#8220;&#8220; align=&#8220;center&#8220; text=&#8220;In diesem Abschnitt finden Sie detaillierte Informationen \u00fcber die Behandlungen, die wir in unserer Klinik angewendet haben.&#8220; font_size=&#8220;lg:17&#8243; max_width=&#8220;630px&#8220;][tm_spacer size=&#8220;lg:60&#8243;][tm_service style=&#8220;carousel_05&#8243; carousel_nav=&#8220;5&#8243; carousel_gutter=&#8220;30&#8243; number=&#8220;3&#8243; carousel_items_display=&#8220;xs:1;sm:2;md:3;lg:3&#8243;][tm_spacer size=&#8220;lg:50&#8243;][tm_button align=&#8220;center&#8220; md_align=&#8220;center&#8220; sm_align=&#8220;center&#8220; xs_align=&#8220;center&#8220; button=&#8220;url:https%3A%2F%2Felitdismerkezi.com%2Ftedaviler%2F|title:Alle%20Behandlungen&#8220;][\/vc_column][\/vc_row][vc_row full_width=&#8220;stretch_row&#8220; background_color=&#8220;primary&#8220; lg_spacing=&#8220;padding_top:23;padding_bottom:27&#8243;][vc_column][tm_heading custom_google_font=&#8220;1&#8243; align=&#8220;center&#8220; text_color=&#8220;custom&#8220; custom_text_color=&#8220;#ffffff&#8220; icon_type=&#8220;fontawesome5&#8243; icon_fontawesome5=&#8220;fal fa-map-marker-alt&#8220; text=&#8220;F\u00fcr ein gl\u00fcckliches L\u00e4cheln laden wir Sie in unsere Klinik ein.&#8220; font_size=&#8220;lg:26&#8243; icon_font_size=&#8220;lg:36&#8243; link=&#8220;https:\/\/www.google.com\/maps\/place\/Elit+Di%C5%9F+Poliklini%C4%9Fi\/@36.7800651,31.4381111,15z\/data=!4m5!3m4!1s0x0:0xc3cac213e09cba8e!8m2!3d36.7800651!4d31.4381111&#8243;][\/vc_column][\/vc_row]<\/p>\n<p><\/p>","protected":false},"excerpt":{"rendered":"<p>[vc_row full_width=&#8220;stretch_row&#8220; background_color=&#8220;custom&#8220; lg_spacing=&#8220;padding_top:100;padding_bottom:100&#8243;][vc_column][tm_heading custom_google_font=&#8220;&#8220; text=&#8220;Gesundheitstourismus&#8220; font_size=&#8220;sm:36;lg:32&#8243;][tm_spacer size=&#8220;lg:20&#8243;][tm_heading tag=&#8220;div&#8220; custom_google_font=&#8220;&#8220; text=&#8220;Gesundheitstourismus sind die Reisen, die Menschen unternehmen, um ihre Gesundheit wiederzuerlangen. Indem wir die sich entwickelnden Behandlungspraktiken und wissenschaftlichen Ver\u00f6ffentlichungen in der Welt genau verfolgen; Wir bieten unseren in- und ausl\u00e4ndischen Patienten qualifizierte Behandlungsmethoden mit moderner Ausstattung und fachkundigem \u00c4rztepersonal. Die Behandlungserwartungen unserer ausl\u00e4ndischen Patienten sind im Allgemeinen; Es geht um Implantate, Prothesen, \u00e4sthetisches L\u00e4chelndesign, Zahnfleischerkrankungen und Zahnaufhellungsbehandlungen. W\u00e4hrend alle von uns durchgef\u00fchrten Behandlungen von unserer Garantie abgedeckt sind, gew\u00e4hren wir eine lebenslange Garantie f\u00fcr Implantatbehandlungen.&#8220; font_size=&#8220;lg:17&#8243;][tm_spacer size=&#8220;lg:20&#8243;][tm_heading tag=&#8220;div&#8220; custom_google_font=&#8220;&#8220; text=&#8220;Die Tatsache, dass unser Land in den letzten Jahren qualitativ hochwertige Gesundheitsdienste anbietet, im Vergleich zu vielen anderen L\u00e4ndern g\u00fcnstigere Behandlungsgeb\u00fchren hat und die Gesundheitstechnologie genauer verfolgt als europ\u00e4ische L\u00e4nder, ist einer der Hauptgr\u00fcnde f\u00fcr ausl\u00e4ndische Patienten, sich f\u00fcr die T\u00fcrkei zu entscheiden. Die Tatsache, dass die T\u00fcrkei von Natur aus reich und kulturell reich ist und mit vielen L\u00e4ndern einen gemeinsamen historischen Hintergrund hat, hat erhebliche Auswirkungen.&#8220; font_size=&#8220;lg:17&#8243;][tm_spacer size=&#8220;lg:50&#8243;][tm_heading custom_google_font=&#8220;&#8220; text=&#8220;Wie wird Mund- und Zahngesundheitstourismus gemacht?&#8220; font_size=&#8220;sm:36;lg:32&#8243;][tm_spacer size=&#8220;lg:20&#8243;][tm_heading tag=&#8220;div&#8220; custom_google_font=&#8220;&#8220; text=&#8220;Zun\u00e4chst soll unser Patient irgendwo im eigenen Land ein Panorama-R\u00f6ntgenbild anfertigen lassen und per E-Mail an unsere \u00c4rzte schicken. Anhand Ihres R\u00f6ntgenbildes erstellen sie f\u00fcr Sie einen Behandlungsplan, der in der ersten k\u00f6rperlichen Untersuchung f\u00fcr Ihre Diagnose und Behandlungsplanung finalisiert wird. Neben diesem Plan werden Sie auch \u00fcber die Abrechnung und die durchschnittliche Behandlungsdauer informiert.&#8220; font_size=&#8220;lg:17&#8243;][tm_spacer size=&#8220;lg:20&#8243;][tm_heading tag=&#8220;div&#8220; custom_google_font=&#8220;&#8220; text=&#8220;Der f\u00fcr Ihre Behandlung am besten geeignete Behandlungsplan wird Ihnen mit allen Alternativen pr\u00e4sentiert. Per Telefonat oder E-Mail wird das Passende ermittelt und der Termin festgelegt. Unsere \u00c4rzte k\u00f6nnen Sie entsprechend Ihrem Aufenthalt in der T\u00fcrkei \u00fcber die Behandlung beraten.&#8220; font_size=&#8220;lg:17&#8243;][tm_spacer size=&#8220;lg:20&#8243;][tm_heading tag=&#8220;div&#8220; custom_google_font=&#8220;&#8220; text=&#8220;In der T\u00fcrkei kann diese Behandlung, einschlie\u00dflich Unterkunft, Flug und Gesundheitsverfahren, im Vergleich zu europ\u00e4ischen L\u00e4ndern viel kosteng\u00fcnstiger durchgef\u00fchrt werden. Um Ihre Zeit bei der Entscheidung f\u00fcr eine Behandlung optimal zu nutzen, m\u00fcssen Sie unsere \u00c4rzte vorab \u00fcber Ihren Aufenthalt in der T\u00fcrkei informieren und sich an die Ihnen mitgeteilten Termine halten. W\u00e4hrend der Behandlung m\u00fcssen Sie bewusst alle Verantwortung f\u00fcr das Ergebnis der Behandlung unter der Kontrolle unserer \u00c4rzte \u00fcbernehmen.&#8220; font_size=&#8220;lg:17&#8243;][tm_spacer size=&#8220;lg:60&#8243;][\/vc_column][\/vc_row][vc_row full_width=&#8220;stretch_row&#8220; background_color=&#8220;custom&#8220; lg_spacing=&#8220;padding_top:100;padding_bottom:100&#8243; custom_background_color=&#8220;#f0f4f7&#8243;][vc_column][tm_heading custom_google_font=&#8220;&#8220; align=&#8220;center&#8220; text=&#8220;Behandlungen&#8220; font_size=&#8220;sm:36;lg:42&#8243;][tm_spacer size=&#8220;lg:20&#8243;][tm_heading tag=&#8220;div&#8220; custom_google_font=&#8220;&#8220; align=&#8220;center&#8220; text=&#8220;In diesem Abschnitt finden Sie detaillierte Informationen \u00fcber die Behandlungen, die wir in unserer Klinik angewendet haben.&#8220; font_size=&#8220;lg:17&#8243; max_width=&#8220;630px&#8220;][tm_spacer size=&#8220;lg:60&#8243;][tm_service style=&#8220;carousel_05&#8243; carousel_nav=&#8220;5&#8243; carousel_gutter=&#8220;30&#8243; number=&#8220;3&#8243; carousel_items_display=&#8220;xs:1;sm:2;md:3;lg:3&#8243;][tm_spacer size=&#8220;lg:50&#8243;][tm_button align=&#8220;center&#8220; md_align=&#8220;center&#8220; sm_align=&#8220;center&#8220; xs_align=&#8220;center&#8220; button=&#8220;url:https%3A%2F%2Felitdismerkezi.com%2Ftedaviler%2F|title:Alle%20Behandlungen&#8220;][\/vc_column][\/vc_row][vc_row full_width=&#8220;stretch_row&#8220; background_color=&#8220;primary&#8220; lg_spacing=&#8220;padding_top:23;padding_bottom:27&#8243;][vc_column][tm_heading custom_google_font=&#8220;1&#8243; align=&#8220;center&#8220; text_color=&#8220;custom&#8220; custom_text_color=&#8220;#ffffff&#8220; icon_type=&#8220;fontawesome5&#8243; icon_fontawesome5=&#8220;fal fa-map-marker-alt&#8220; text=&#8220;F\u00fcr ein gl\u00fcckliches L\u00e4cheln laden wir Sie in unsere Klinik ein.&#8220; font_size=&#8220;lg:26&#8243; icon_font_size=&#8220;lg:36&#8243; link=&#8220;https:\/\/www.google.com\/maps\/place\/Elit+Di%C5%9F+Poliklini%C4%9Fi\/@36.7800651,31.4381111,15z\/data=!4m5!3m4!1s0x0:0xc3cac213e09cba8e!8m2!3d36.7800651!4d31.4381111&#8243;][\/vc_column][\/vc_row]<\/p>\n","protected":false},"author":1,"featured_media":0,"parent":0,"menu_order":0,"comment_status":"closed","ping_status":"closed","template":"","meta":{"_joinchat":[]},"_links":{"self":[{"href":"https:\/\/elitdismerkezi.com\/de\/wp-json\/wp\/v2\/pages\/3190"}],"collection":[{"href":"https:\/\/elitdismerkezi.com\/de\/wp-json\/wp\/v2\/pages"}],"about":[{"href":"https:\/\/elitdismerkezi.com\/de\/wp-json\/wp\/v2\/types\/page"}],"author":[{"embeddable":true,"href":"https:\/\/elitdismerkezi.com\/de\/wp-json\/wp\/v2\/users\/1"}],"replies":[{"embeddable":true,"href":"https:\/\/elitdismerkezi.com\/de\/wp-json\/wp\/v2\/comments?post=3190"}],"version-history":[{"count":6,"href":"https:\/\/elitdismerkezi.com\/de\/wp-json\/wp\/v2\/pages\/3190\/revisions"}],"predecessor-version":[{"id":3296,"href":"https:\/\/elitdismerkezi.com\/de\/wp-json\/wp\/v2\/pages\/3190\/revisions\/3296"}],"wp:attachment":[{"href":"https:\/\/elitdismerkezi.com\/de\/wp-json\/wp\/v2\/media?parent=3190"}],"curies":[{"name":"wp","href":"https:\/\/api.w.org\/{rel}","templated":true}]}}