{"id":104,"date":"2022-08-11T07:07:39","date_gmt":"2022-08-11T04:07:39","guid":{"rendered":"https:\/\/elitdismerkezi.com\/test\/about-us-2\/"},"modified":"2022-09-01T01:11:54","modified_gmt":"2022-08-31T22:11:54","slug":"hakkimizda","status":"publish","type":"page","link":"https:\/\/elitdismerkezi.com\/de\/hakkimizda\/","title":{"rendered":"\u00dcber Uns"},"content":{"rendered":"<p><\/p>\n<p>[vc_row full_width=&#8220;stretch_row&#8220; content_placement=&#8220;middle&#8220; lg_spacing=&#8220;padding_top:100;padding_bottom:40&#8243; gutter=&#8220;xs:30;sm:50;md:70;lg:100&#8243;][vc_column offset=&#8220;vc_col-lg-6&#8243;][tm_spacer size=&#8220;lg:20&#8243;][tm_heading tag=&#8220;div&#8220; custom_google_font=&#8220;&#8220; text=&#8220;Die Elit Dental Poliklinik wurde auf lokaler, nationaler und internationaler Ebene gegr\u00fcndet und<br \/>\nbietet vorbeugende, verbessernde und heilende Gesundheitsdienste f\u00fcr die Mund- und<br \/>\nZahngesundheit an.&#8220; font_size=&#8220;lg:17&#8243;][tm_spacer size=&#8220;lg:20&#8243;][tm_heading tag=&#8220;div&#8220; custom_google_font=&#8220;&#8220; text=&#8220;Als Elite Dental Poliklinik; Wir sind mit unseren Fach\u00e4rzten, erfahrenen Mitarbeitern und unserem Qualit\u00e4tsverst\u00e4ndnis immer f\u00fcr Sie da.<br \/>\n&#8220; font_size=&#8220;lg:17&#8243;][tm_spacer size=&#8220;lg:50&#8243;][tm_heading custom_google_font=&#8220;&#8220; text=&#8220;Unsere Aufgabe<br \/>\n&#8220; font_size=&#8220;sm:36;lg:32&#8243;][tm_spacer size=&#8220;lg:20&#8243;][tm_heading tag=&#8220;div&#8220; custom_google_font=&#8220;&#8220; text=&#8220;Im Vordergrund steht dabei immer die Zufriedenheit der Patienten und ihrer Angeh\u00f6rigen, unter<br \/>\nAchtung der Patientenrechte, unter Einhaltung medizinethischer Regeln.&#8220; font_size=&#8220;lg:17&#8243;][tm_spacer size=&#8220;lg:60&#8243;][\/vc_column][vc_column offset=&#8220;vc_col-lg-6&#8243;][tm_image align=&#8220;right&#8220; md_align=&#8220;left&#8220; sm_align=&#8220;left&#8220; xs_align=&#8220;left&#8220; image=&#8220;2674&#8243;][tm_spacer size=&#8220;lg:60&#8243;][\/vc_column][\/vc_row][vc_row full_width=&#8220;stretch_row&#8220; background_color=&#8220;custom&#8220; lg_spacing=&#8220;padding_top:100;padding_bottom:100&#8243; custom_background_color=&#8220;#f0f4f7&#8243;][vc_column][tm_heading custom_google_font=&#8220;&#8220; align=&#8220;center&#8220; text=&#8220;Behandlungen&#8220; font_size=&#8220;sm:36;lg:42&#8243;][tm_spacer size=&#8220;lg:20&#8243;][tm_heading tag=&#8220;div&#8220; custom_google_font=&#8220;&#8220; align=&#8220;center&#8220; text=&#8220;In diesem Abschnitt finden Sie detaillierte Informationen \u00fcber die Behandlungen, die wir in unserer Klinik angewendet haben.<br \/>\n&#8220; font_size=&#8220;lg:17&#8243; max_width=&#8220;630px&#8220;][tm_spacer size=&#8220;lg:60&#8243;][tm_service style=&#8220;carousel_05&#8243; carousel_nav=&#8220;5&#8243; carousel_gutter=&#8220;30&#8243; number=&#8220;3&#8243; carousel_items_display=&#8220;xs:1;sm:2;md:3;lg:3&#8243;][tm_spacer size=&#8220;lg:50&#8243;][tm_button align=&#8220;center&#8220; md_align=&#8220;center&#8220; sm_align=&#8220;center&#8220; xs_align=&#8220;center&#8220; button=&#8220;url:https%3A%2F%2Felitdismerkezi.com%2Ftedaviler%2F|title:Alle%20Behandlungen&#8220;][\/vc_column][\/vc_row][vc_row full_width=&#8220;stretch_row&#8220; background_color=&#8220;primary&#8220; lg_spacing=&#8220;padding_top:23;padding_bottom:27&#8243;][vc_column][tm_heading custom_google_font=&#8220;1&#8243; align=&#8220;center&#8220; text_color=&#8220;custom&#8220; custom_text_color=&#8220;#ffffff&#8220; icon_type=&#8220;fontawesome5&#8243; icon_fontawesome5=&#8220;fal fa-map-marker-alt&#8220; text=&#8220;F\u00fcr ein gl\u00fcckliches L\u00e4cheln laden wir Sie in unsere Klinik ein.&#8220; font_size=&#8220;lg:26&#8243; icon_font_size=&#8220;lg:36&#8243; link=&#8220;https:\/\/www.google.com\/maps\/place\/Elit+Di%C5%9F+Poliklini%C4%9Fi\/@36.7800651,31.4381111,15z\/data=!4m5!3m4!1s0x0:0xc3cac213e09cba8e!8m2!3d36.7800651!4d31.4381111&#8243;][\/vc_column][\/vc_row]<\/p>\n<p><\/p>","protected":false},"excerpt":{"rendered":"<p>[vc_row full_width=&#8220;stretch_row&#8220; content_placement=&#8220;middle&#8220; lg_spacing=&#8220;padding_top:100;padding_bottom:40&#8243; gutter=&#8220;xs:30;sm:50;md:70;lg:100&#8243;][vc_column offset=&#8220;vc_col-lg-6&#8243;][tm_spacer size=&#8220;lg:20&#8243;][tm_heading tag=&#8220;div&#8220; custom_google_font=&#8220;&#8220; text=&#8220;Die Elit Dental Poliklinik wurde auf lokaler, nationaler und internationaler Ebene gegr\u00fcndet und bietet vorbeugende, verbessernde und heilende Gesundheitsdienste f\u00fcr die Mund- und Zahngesundheit an.&#8220; font_size=&#8220;lg:17&#8243;][tm_spacer size=&#8220;lg:20&#8243;][tm_heading tag=&#8220;div&#8220; custom_google_font=&#8220;&#8220; text=&#8220;Als Elite Dental Poliklinik; Wir sind mit unseren Fach\u00e4rzten, erfahrenen Mitarbeitern und unserem Qualit\u00e4tsverst\u00e4ndnis immer f\u00fcr Sie da. &#8220; font_size=&#8220;lg:17&#8243;][tm_spacer size=&#8220;lg:50&#8243;][tm_heading custom_google_font=&#8220;&#8220; text=&#8220;Unsere Aufgabe &#8220; font_size=&#8220;sm:36;lg:32&#8243;][tm_spacer size=&#8220;lg:20&#8243;][tm_heading tag=&#8220;div&#8220; custom_google_font=&#8220;&#8220; text=&#8220;Im Vordergrund steht dabei immer die Zufriedenheit der Patienten und ihrer Angeh\u00f6rigen, unter Achtung der Patientenrechte, unter Einhaltung medizinethischer Regeln.&#8220; font_size=&#8220;lg:17&#8243;][tm_spacer size=&#8220;lg:60&#8243;][\/vc_column][vc_column offset=&#8220;vc_col-lg-6&#8243;][tm_image align=&#8220;right&#8220; md_align=&#8220;left&#8220; sm_align=&#8220;left&#8220; xs_align=&#8220;left&#8220; image=&#8220;2674&#8243;][tm_spacer size=&#8220;lg:60&#8243;][\/vc_column][\/vc_row][vc_row full_width=&#8220;stretch_row&#8220; background_color=&#8220;custom&#8220; lg_spacing=&#8220;padding_top:100;padding_bottom:100&#8243; custom_background_color=&#8220;#f0f4f7&#8243;][vc_column][tm_heading custom_google_font=&#8220;&#8220; align=&#8220;center&#8220; text=&#8220;Behandlungen&#8220; font_size=&#8220;sm:36;lg:42&#8243;][tm_spacer size=&#8220;lg:20&#8243;][tm_heading tag=&#8220;div&#8220; custom_google_font=&#8220;&#8220; align=&#8220;center&#8220; text=&#8220;In diesem Abschnitt finden Sie detaillierte Informationen \u00fcber die Behandlungen, die wir in unserer Klinik angewendet haben. &#8220; font_size=&#8220;lg:17&#8243; max_width=&#8220;630px&#8220;][tm_spacer size=&#8220;lg:60&#8243;][tm_service style=&#8220;carousel_05&#8243; carousel_nav=&#8220;5&#8243; carousel_gutter=&#8220;30&#8243; number=&#8220;3&#8243; carousel_items_display=&#8220;xs:1;sm:2;md:3;lg:3&#8243;][tm_spacer size=&#8220;lg:50&#8243;][tm_button align=&#8220;center&#8220; md_align=&#8220;center&#8220; sm_align=&#8220;center&#8220; xs_align=&#8220;center&#8220; button=&#8220;url:https%3A%2F%2Felitdismerkezi.com%2Ftedaviler%2F|title:Alle%20Behandlungen&#8220;][\/vc_column][\/vc_row][vc_row full_width=&#8220;stretch_row&#8220; background_color=&#8220;primary&#8220; lg_spacing=&#8220;padding_top:23;padding_bottom:27&#8243;][vc_column][tm_heading custom_google_font=&#8220;1&#8243; align=&#8220;center&#8220; text_color=&#8220;custom&#8220; custom_text_color=&#8220;#ffffff&#8220; icon_type=&#8220;fontawesome5&#8243; icon_fontawesome5=&#8220;fal fa-map-marker-alt&#8220; text=&#8220;F\u00fcr ein gl\u00fcckliches L\u00e4cheln laden wir Sie in unsere Klinik ein.&#8220; font_size=&#8220;lg:26&#8243; icon_font_size=&#8220;lg:36&#8243; link=&#8220;https:\/\/www.google.com\/maps\/place\/Elit+Di%C5%9F+Poliklini%C4%9Fi\/@36.7800651,31.4381111,15z\/data=!4m5!3m4!1s0x0:0xc3cac213e09cba8e!8m2!3d36.7800651!4d31.4381111&#8243;][\/vc_column][\/vc_row]<\/p>\n","protected":false},"author":1,"featured_media":0,"parent":0,"menu_order":0,"comment_status":"closed","ping_status":"closed","template":"","meta":{"_joinchat":[]},"_links":{"self":[{"href":"https:\/\/elitdismerkezi.com\/de\/wp-json\/wp\/v2\/pages\/104"}],"collection":[{"href":"https:\/\/elitdismerkezi.com\/de\/wp-json\/wp\/v2\/pages"}],"about":[{"href":"https:\/\/elitdismerkezi.com\/de\/wp-json\/wp\/v2\/types\/page"}],"author":[{"embeddable":true,"href":"https:\/\/elitdismerkezi.com\/de\/wp-json\/wp\/v2\/users\/1"}],"replies":[{"embeddable":true,"href":"https:\/\/elitdismerkezi.com\/de\/wp-json\/wp\/v2\/comments?post=104"}],"version-history":[{"count":16,"href":"https:\/\/elitdismerkezi.com\/de\/wp-json\/wp\/v2\/pages\/104\/revisions"}],"predecessor-version":[{"id":3294,"href":"https:\/\/elitdismerkezi.com\/de\/wp-json\/wp\/v2\/pages\/104\/revisions\/3294"}],"wp:attachment":[{"href":"https:\/\/elitdismerkezi.com\/de\/wp-json\/wp\/v2\/media?parent=104"}],"curies":[{"name":"wp","href":"https:\/\/api.w.org\/{rel}","templated":true}]}}